{"id":33,"date":"2019-01-07T09:32:32","date_gmt":"2019-01-07T09:32:32","guid":{"rendered":"http:\/\/localhost\/cleanthemes\/ristorante-10\/?page_id=33"},"modified":"2021-05-05T23:43:04","modified_gmt":"2021-05-05T21:43:04","slug":"about-us-1","status":"publish","type":"page","link":"https:\/\/localibiza.com\/newwebsite\/wordpress\/about-us-1\/","title":{"rendered":"Nosotros el Local"},"content":{"rendered":"<p>[vc_row full_width=&#8221;stretch_row&#8221; parallax=&#8221;content-moving&#8221; parallax_image=&#8221;550&#8243; el_class=&#8221;nd_options_vc_parallax_filter_2_5&#8243; css=&#8221;.vc_custom_1620035630380{padding-top: 40px !important;padding-bottom: 20px !important;}&#8221;][vc_column offset=&#8221;vc_hidden-sm vc_hidden-xs&#8221;] <h1 style=\"color:#ffffff; padding:px; text-align:center; font-size:120px; line-height:120px; letter-spacing: px; font-weight:normal;\" class=\"  nd_options_font_size_40_important_all_iphone nd_options_third_font \">Nosotros<\/h1> [\/vc_column][\/vc_row][vc_row][vc_column width=&#8221;2\/6&#8243;][vc_single_image image=&#8221;1741&#8243; img_size=&#8221;large&#8221; alignment=&#8221;center&#8221; css=&#8221;.vc_custom_1613261832225{margin-right: 15px !important;margin-left: 15px !important;padding-top: 30px !important;padding-right: 30px !important;padding-bottom: 30px !important;padding-left: 30px !important;}&#8221;][\/vc_column][vc_column width=&#8221;4\/6&#8243;]<div style=\"background-color:; height: 40px;\" class=\"nicdark_section  \"><\/div>[vc_column_text el_class=&#8221;nd_options_text_align_center_responsive&#8221;]<strong>El Local<\/strong> naci\u00f3 en el verano de 2017 siendo al principio un sue\u00f1o de su propietario Michele Zampieri, de origen italiano y frecuente de Ibiza, ya en sus viajes a la isla rondaba por su cabeza la idea de este proyecto, se estableci\u00f3 como residente en la isla de Ibiza en el 2002.[\/vc_column_text]<div style=\"background-color:; height: 15px;\" class=\"nicdark_section  \"><\/div>[vc_column_text el_class=&#8221;nd_options_text_align_center_responsive&#8221;]Desde siempre, Michele ha trabajado en el mundo del entretenimiento y de la m\u00fasica y se ha enamorado de la recepci\u00f3n de los isle\u00f1os y de la mezcla multicultural perfecta de la gente de Ibiza.[\/vc_column_text]<div style=\"background-color:; height: 15px;\" class=\"nicdark_section  \"><\/div>[vc_column_text el_class=&#8221;nd_options_text_align_center_responsive&#8221;]La idea de &#8220;mezclar&#8221; el estilo de la cocina italiana con cocinas del mundo es un proyecto ambicioso y divertido al mismo tiempo. La gente de Ibiza siempre ha querido compartir y probar diferentes sabores. <strong>el Local<\/strong> es el lugar perfecto donde pueden degustar HAPPY FOOD FOR HAPPY PEOPLE.[\/vc_column_text][\/vc_column][\/vc_row][vc_row content_placement=&#8221;middle&#8221;][vc_column width=&#8221;2\/6&#8243; css=&#8221;.vc_custom_1467360650255{margin-top: 10px !important;margin-bottom: 10px !important;padding-top: 0px !important;padding-right: 40px !important;}&#8221;][\/vc_column][vc_column width=&#8221;3\/6&#8243; css=&#8221;.vc_custom_1467207292391{margin-top: 10px !important;margin-bottom: 10px !important;padding-top: 0px !important;}&#8221;] <h3 style=\"color:; padding:px; text-align:right; font-size:px; line-height:px; letter-spacing: px; font-weight:;\" class=\"   nd_options_first_font \">ESCUCHA NUESTRA MUSICA EN<\/h3> [\/vc_column][vc_column width=&#8221;1\/6&#8243;]\n\t\n\t<a style=\"margin:; border: px solid ; border-radius:px; background-color:; padding:; \" rel=\"\" target=\"_blank\" href=\"https:\/\/open.spotify.com\/user\/localibiza?si=xv9GRj3hTFqpXskPXmgtQA\" class=\"nicdark_display_inline_block nd_options_float_left  \"><img class=\"nd_options_float_left\" alt=\"\" width=\"150\" src=\"https:\/\/localibiza.com\/newwebsite\/wordpress\/wp-content\/uploads\/2021\/01\/spotify_logo.png\"><\/a>\n\t\n[\/vc_column][\/vc_row][vc_row full_width=&#8221;stretch_row&#8221; content_placement=&#8221;middle&#8221; parallax=&#8221;content-moving&#8221; parallax_image=&#8221;550&#8243; el_class=&#8221;nd_options_vc_parallax_filter_2_4&#8243;][vc_column width=&#8221;3\/12&#8243;]<div style=\"background-color:; height: 15px;\" class=\"nicdark_section  \"><\/div> <h3 style=\"color:#ffffff; padding:px; text-align:; font-size:50px; line-height:px; letter-spacing: 1px; font-weight:lighter;\" class=\"   nd_options_third_font \">Reserva<\/h3> <div style=\"background-color:; height: 5px;\" class=\"nicdark_section  \"><\/div> <h1 style=\"color:#ffffff; padding:px; text-align:; font-size:50px; line-height:50px; letter-spacing: px; font-weight:normal;\" class=\"  nd_options_margin_bottom_20_responsive nd_options_first_font \">Tu Mesa Ahora!<\/h1> <div style=\"background-color:; height: 15px;\" class=\"nicdark_section  \"><\/div>[\/vc_column][vc_column width=&#8221;6\/12&#8243;]<div style=\"background-color:; height: 15px;\" class=\"nicdark_section  \"><\/div>\n\t<div class=\"nd_options_section nd_options_text_align_center\">\n\t<a style=\"border: px solid ; border-radius:3px; letter-spacing:2px; line-height:16px; font-size:16px; background-color:#c0a58a; padding:15px 35px; margin:; color:#ffffff;\" rel=\"\"  href=\"tel:+34971092436\" class=\"nicdark_display_inline_block  nd_options_font_weight_normal nd_options_first_font  \">LL\u00c1MANOS Y RESERVA TU MESA<\/a>\n\t<\/div>\n<div style=\"background-color:; height: 15px;\" class=\"nicdark_section  \"><\/div>[\/vc_column][vc_column width=&#8221;3\/12&#8243;]<div style=\"background-color:; height: 38px;\" class=\"nicdark_section  \"><\/div>\n\t\n\t<a style=\"border: px solid ; border-radius:px; letter-spacing:2px; line-height:22px; font-size:22px; background-color:; padding:; margin:; color:#ffffff;\" rel=\"\"  href=\"http:\/\/localibiza.com\/newwebsite\/wordpress\/menu-localibiza\/\" class=\"nicdark_display_inline_block nd_options_float_right nd_options_font_weight_normal nd_options_first_font  \">Consulta nuestra carta!<\/a>\n\t\n<div style=\"background-color:; height: 15px;\" class=\"nicdark_section  \"><\/div>[\/vc_column][\/vc_row][vc_row][vc_column width=&#8221;1\/2&#8243; css=&#8221;.vc_custom_1484577150370{padding-right: 0px !important;padding-left: 0px !important;}&#8221;]<div style=\"background-color:; height: 40px;\" class=\"nicdark_section  \"><\/div>[vc_column_text el_class=&#8221;nd_options_text_align_center_responsive&#8221;]<strong>el Local<\/strong> es un restaurante de cocina casera en un entorno peque\u00f1o sin almacenamiento, por lo que todo se prepara a diario y trabajamos con proveedores que entregan todos los d\u00edas.[\/vc_column_text]<div style=\"background-color:; height: 15px;\" class=\"nicdark_section  \"><\/div>[vc_column_text el_class=&#8221;nd_options_text_align_center_responsive&#8221;]Utilizamos productos italianos frescos y DOP como la Mozzarella di Bufala Campana, la Burrata di Puglia, el Guanciale stagionato y otros embutidos 100% made in italy, as\u00ed como por supuesto exclusivamente pasta de origen napolitana. Nuestro pescado se entrega cada d\u00eda por un pescatero ibicenco. La carne de cerdo procede de animales criados y sacrificados en Ibiza. Los pollos que usamos en nuestra cocina se cr\u00edan en el campo. La carne Angus de alta calidad nos es entregada al vac\u00edo semanalmente por importadores directamente desde Nebraska y Argentina, dependiendo del corte. Nuestras recetas se basan en el uso de frutas y verduras en la temporada, cultivadas en ibiza.[\/vc_column_text]<div style=\"background-color:; height: 15px;\" class=\"nicdark_section  \"><\/div>[vc_column_text el_class=&#8221;nd_options_text_align_center_responsive&#8221;]La mayor\u00eda de nuestros preparados se realizan con la t\u00e9cnica de cocci\u00f3n a baja temperatura Sous Vide, que nos permite, adem\u00e1s de preservar los nutrientes sensibles al calor, de exaltar el sabor natural de la materia prima utilizada.[\/vc_column_text]<div style=\"background-color:; height: 50px;\" class=\"nicdark_section  \"><\/div>[\/vc_column][vc_column width=&#8221;1\/2&#8243; el_class=&#8221;nd_options_text_align_center&#8221; css=&#8221;.vc_custom_1613233075708{background-position: center !important;background-repeat: no-repeat !important;background-size: cover !important;}&#8221;][vc_single_image image=&#8221;1947&#8243; img_size=&#8221;large&#8221; alignment=&#8221;center&#8221; css=&#8221;.vc_custom_1613262038929{margin-top: 15px !important;margin-bottom: 15px !important;}&#8221;][\/vc_column][\/vc_row][vc_row][vc_column]<div style=\"background-color:; height: 50px;\" class=\"nicdark_section  \"><\/div>[\/vc_column][\/vc_row]<\/p>\n","protected":false},"excerpt":{"rendered":"<p>[vc_row full_width=&#8221;stretch_row&#8221; parallax=&#8221;content-moving&#8221; parallax_image=&#8221;550&#8243; el_class=&#8221;nd_options_vc_parallax_filter_2_5&#8243; css=&#8221;.vc_custom_1620035630380{padding-top: 40px !important;padding-bottom: 20px !important;}&#8221;][vc_column offset=&#8221;vc_hidden-sm vc_hidden-xs&#8221;][\/vc_column][\/vc_row][vc_row][vc_column width=&#8221;2\/6&#8243;][vc_single_image image=&#8221;1741&#8243; img_size=&#8221;large&#8221; alignment=&#8221;center&#8221; css=&#8221;.vc_custom_1613261832225{margin-right: 15px !important;margin-left: 15px !important;padding-top: 30px !important;padding-right: 30px !important;padding-bottom: 30px !important;padding-left: 30px !important;}&#8221;][\/vc_column][vc_column width=&#8221;4\/6&#8243;][vc_column_text el_class=&#8221;nd_options_text_align_center_responsive&#8221;]El Local naci\u00f3 en el verano de 2017 siendo al principio un sue\u00f1o de su propietario Michele Zampieri, de origen italiano y frecuente de Ibiza, [&hellip;]<\/p>\n","protected":false},"author":1,"featured_media":0,"parent":0,"menu_order":0,"comment_status":"closed","ping_status":"closed","template":"","meta":[],"_links":{"self":[{"href":"https:\/\/localibiza.com\/newwebsite\/wordpress\/wp-json\/wp\/v2\/pages\/33"}],"collection":[{"href":"https:\/\/localibiza.com\/newwebsite\/wordpress\/wp-json\/wp\/v2\/pages"}],"about":[{"href":"https:\/\/localibiza.com\/newwebsite\/wordpress\/wp-json\/wp\/v2\/types\/page"}],"author":[{"embeddable":true,"href":"https:\/\/localibiza.com\/newwebsite\/wordpress\/wp-json\/wp\/v2\/users\/1"}],"replies":[{"embeddable":true,"href":"https:\/\/localibiza.com\/newwebsite\/wordpress\/wp-json\/wp\/v2\/comments?post=33"}],"version-history":[{"count":70,"href":"https:\/\/localibiza.com\/newwebsite\/wordpress\/wp-json\/wp\/v2\/pages\/33\/revisions"}],"predecessor-version":[{"id":2407,"href":"https:\/\/localibiza.com\/newwebsite\/wordpress\/wp-json\/wp\/v2\/pages\/33\/revisions\/2407"}],"wp:attachment":[{"href":"https:\/\/localibiza.com\/newwebsite\/wordpress\/wp-json\/wp\/v2\/media?parent=33"}],"curies":[{"name":"wp","href":"https:\/\/api.w.org\/{rel}","templated":true}]}}